{"id":1816,"date":"2023-02-17T10:12:33","date_gmt":"2023-02-17T14:12:33","guid":{"rendered":"https:\/\/www.urbalink.com\/?page_id=1816"},"modified":"2023-02-27T10:29:15","modified_gmt":"2023-02-27T14:29:15","slug":"capacidad-contratada","status":"publish","type":"page","link":"https:\/\/www.urbalink.com.ve\/index.php\/capacidad-contratada\/","title":{"rendered":"Capacidad Contratada"},"content":{"rendered":"\t\t<div data-elementor-type=\"wp-page\" data-elementor-id=\"1816\" class=\"elementor elementor-1816\">\n\t\t\t\t\t\t<section class=\"elementor-section elementor-top-section elementor-element elementor-element-35f3e78e elementor-section-boxed elementor-section-height-default elementor-section-height-default\" data-id=\"35f3e78e\" data-element_type=\"section\">\n\t\t\t\t\t\t<div class=\"elementor-container elementor-column-gap-default\">\n\t\t\t\t\t<div class=\"elementor-column elementor-col-100 elementor-top-column elementor-element elementor-element-464df11c\" data-id=\"464df11c\" data-element_type=\"column\">\n\t\t\t<div class=\"elementor-widget-wrap elementor-element-populated\">\n\t\t\t\t\t\t<div class=\"elementor-element elementor-element-6984dd1d elementor-widget elementor-widget-text-editor\" data-id=\"6984dd1d\" data-element_type=\"widget\" data-widget_type=\"text-editor.default\">\n\t\t\t\t<div class=\"elementor-widget-container\">\n\t\t\t\t\t\t\t\t\t<p><\/p>\n<p>\u00bfC\u00f3mo medir correctamente la capacidad contratada?<\/p>\n<p><\/p>\n<p><\/p>\n<p>Al realizar una medici\u00f3n de capacidad entregada mediante un servicio de internet debemos tener en\u00a0cuenta algunas variables, seguidamente hacemos un recorrido por los elementos m\u00e1s importantes a considerar para hacer la\u00a0prueba de velocidad de manera adecuada:<\/p>\n<p><\/p>\n<p><\/p>\n<ul class=\"wp-block-list\">\n<li>Tener conectado al servicio un solo elemento PC o Laptop.<\/li>\n<li>Al momento de realizar la medici\u00f3n, conecte directamente un cable UTP al modem (por favor, verificar si tiene el direccionamiento IP correcto est\u00e1tico o din\u00e1mico).<\/li>\n<li>Debe estar seguro de que el equipo con el cual est\u00e1 realizando la medici\u00f3n no tiene configurada ninguna restricci\u00f3n o priorizaci\u00f3n de tr\u00e1fico.<\/li>\n<li>Se debe verificar que no se est\u00e9 utilizando la conexi\u00f3n para otras aplicaciones o descargas en background (actualizaciones de apps o sistema operativo, sincronizaci\u00f3n con servicios en la nube).<\/li>\n<\/ul>\n<p><\/p>\n<p><\/p>\n<p><strong>Tambi\u00e9n considerar que:<\/strong><\/p>\n<p><\/p>\n<p><\/p>\n<p>La velocidad de acceso a un determinado servidor de pruebas tambi\u00e9n depende del proveedor ISP del sitio que se visita y puede variar en el tiempo. Esto entre otras variables depende de las prestaciones del enlace entre el servidor que aloja el servicio e internet, la cantidad de usuarios realizando prueba en ese momento, entre otras. Por lo cual es importante realizar la medici\u00f3n en por lo menos 2 servidores diferentes.<\/p>\n<p><\/p>\n<p><\/p>\n<p>La velocidad reportada como resultado de la prueba depende de las caracter\u00edsticas y configuraci\u00f3n del dispositivo final ( PC, tel\u00e9fono) usado para tal fin, del enrutador y del consumo de recursos de otras aplicaciones que se encuentren en ejecuci\u00f3n.<\/p>\n<p><\/p>\n<p><\/p>\n<p>El resultado de una conexi\u00f3n tambi\u00e9n se ve afectado por la hora de la prueba, el tr\u00e1fico que exista en las redes de los proveedores Tier 1 y 2 que llevan el tr\u00e1fico a trav\u00e9s de internet.<\/p>\n<p><\/p>\n<p><\/p>\n<p><strong>Si tienes dudas, puedes contactar a soporte t\u00e9cnico al correo\u00a0<a href=\"mailto:soporte@urbalink.com\" target=\"_blank\" rel=\"noreferrer noopener\">soporte@urbalink.com<\/a> o comunicarte v\u00eda telef\u00f3nica al n\u00famero +58 (424)-2673004<\/strong><\/p>\n<p><\/p>\t\t\t\t\t\t\t\t<\/div>\n\t\t\t\t<\/div>\n\t\t\t\t\t<\/div>\n\t\t<\/div>\n\t\t\t\t\t<\/div>\n\t\t<\/section>\n\t\t\t\t<\/div>\n\t\t","protected":false},"excerpt":{"rendered":"<p>\u00bfC\u00f3mo medir correctamente la capacidad contratada? Al realizar una medici\u00f3n de capacidad entregada mediante un servicio de internet debemos tener en\u00a0cuenta algunas variables, seguidamente hacemos un recorrido por los elementos m\u00e1s importantes a considerar para hacer la\u00a0prueba de velocidad de manera adecuada: Tener conectado al servicio un solo elemento PC o Laptop. Al momento de [&hellip;]<\/p>\n","protected":false},"author":1,"featured_media":0,"parent":0,"menu_order":0,"comment_status":"closed","ping_status":"closed","template":"","meta":{"footnotes":""},"class_list":["post-1816","page","type-page","status-publish","hentry"],"yoast_head":"<!-- This site is optimized with the Yoast SEO plugin v25.6 - https:\/\/yoast.com\/wordpress\/plugins\/seo\/ -->\n<title>Capacidad Contratada -<\/title>\n<meta name=\"robots\" content=\"index, follow, max-snippet:-1, max-image-preview:large, max-video-preview:-1\" \/>\n<link rel=\"canonical\" href=\"https:\/\/www.urbalink.com.ve\/index.php\/capacidad-contratada\/\" \/>\n<meta property=\"og:locale\" content=\"es_ES\" \/>\n<meta property=\"og:type\" content=\"article\" \/>\n<meta property=\"og:title\" content=\"Capacidad Contratada -\" \/>\n<meta property=\"og:description\" content=\"\u00bfC\u00f3mo medir correctamente la capacidad contratada? Al realizar una medici\u00f3n de capacidad entregada mediante un servicio de internet debemos tener en\u00a0cuenta algunas variables, seguidamente hacemos un recorrido por los elementos m\u00e1s importantes a considerar para hacer la\u00a0prueba de velocidad de manera adecuada: Tener conectado al servicio un solo elemento PC o Laptop. Al momento de [&hellip;]\" \/>\n<meta property=\"og:url\" content=\"https:\/\/www.urbalink.com.ve\/index.php\/capacidad-contratada\/\" \/>\n<meta property=\"article:modified_time\" content=\"2023-02-27T14:29:15+00:00\" \/>\n<meta name=\"twitter:card\" content=\"summary_large_image\" \/>\n<meta name=\"twitter:label1\" content=\"Tiempo estimado de lectura\" \/>\n\t<meta name=\"twitter:data1\" content=\"2 minutos\" \/>\n<script type=\"application\/ld+json\" class=\"yoast-schema-graph\">{\"@context\":\"https:\/\/schema.org\",\"@graph\":[{\"@type\":\"WebPage\",\"@id\":\"https:\/\/www.urbalink.com.ve\/index.php\/capacidad-contratada\/\",\"url\":\"https:\/\/www.urbalink.com.ve\/index.php\/capacidad-contratada\/\",\"name\":\"Capacidad Contratada -\",\"isPartOf\":{\"@id\":\"https:\/\/www.urbalink.com\/#website\"},\"datePublished\":\"2023-02-17T14:12:33+00:00\",\"dateModified\":\"2023-02-27T14:29:15+00:00\",\"breadcrumb\":{\"@id\":\"https:\/\/www.urbalink.com.ve\/index.php\/capacidad-contratada\/#breadcrumb\"},\"inLanguage\":\"es\",\"potentialAction\":[{\"@type\":\"ReadAction\",\"target\":[\"https:\/\/www.urbalink.com.ve\/index.php\/capacidad-contratada\/\"]}]},{\"@type\":\"BreadcrumbList\",\"@id\":\"https:\/\/www.urbalink.com.ve\/index.php\/capacidad-contratada\/#breadcrumb\",\"itemListElement\":[{\"@type\":\"ListItem\",\"position\":1,\"name\":\"Portada\",\"item\":\"https:\/\/www.urbalink.com.ve\/\"},{\"@type\":\"ListItem\",\"position\":2,\"name\":\"Capacidad Contratada\"}]},{\"@type\":\"WebSite\",\"@id\":\"https:\/\/www.urbalink.com\/#website\",\"url\":\"https:\/\/www.urbalink.com\/\",\"name\":\"\",\"description\":\"\",\"potentialAction\":[{\"@type\":\"SearchAction\",\"target\":{\"@type\":\"EntryPoint\",\"urlTemplate\":\"https:\/\/www.urbalink.com\/?s={search_term_string}\"},\"query-input\":{\"@type\":\"PropertyValueSpecification\",\"valueRequired\":true,\"valueName\":\"search_term_string\"}}],\"inLanguage\":\"es\"}]}<\/script>\n<!-- \/ Yoast SEO plugin. -->","yoast_head_json":{"title":"Capacidad Contratada -","robots":{"index":"index","follow":"follow","max-snippet":"max-snippet:-1","max-image-preview":"max-image-preview:large","max-video-preview":"max-video-preview:-1"},"canonical":"https:\/\/www.urbalink.com.ve\/index.php\/capacidad-contratada\/","og_locale":"es_ES","og_type":"article","og_title":"Capacidad Contratada -","og_description":"\u00bfC\u00f3mo medir correctamente la capacidad contratada? Al realizar una medici\u00f3n de capacidad entregada mediante un servicio de internet debemos tener en\u00a0cuenta algunas variables, seguidamente hacemos un recorrido por los elementos m\u00e1s importantes a considerar para hacer la\u00a0prueba de velocidad de manera adecuada: Tener conectado al servicio un solo elemento PC o Laptop. Al momento de [&hellip;]","og_url":"https:\/\/www.urbalink.com.ve\/index.php\/capacidad-contratada\/","article_modified_time":"2023-02-27T14:29:15+00:00","twitter_card":"summary_large_image","twitter_misc":{"Tiempo estimado de lectura":"2 minutos"},"schema":{"@context":"https:\/\/schema.org","@graph":[{"@type":"WebPage","@id":"https:\/\/www.urbalink.com.ve\/index.php\/capacidad-contratada\/","url":"https:\/\/www.urbalink.com.ve\/index.php\/capacidad-contratada\/","name":"Capacidad Contratada -","isPartOf":{"@id":"https:\/\/www.urbalink.com\/#website"},"datePublished":"2023-02-17T14:12:33+00:00","dateModified":"2023-02-27T14:29:15+00:00","breadcrumb":{"@id":"https:\/\/www.urbalink.com.ve\/index.php\/capacidad-contratada\/#breadcrumb"},"inLanguage":"es","potentialAction":[{"@type":"ReadAction","target":["https:\/\/www.urbalink.com.ve\/index.php\/capacidad-contratada\/"]}]},{"@type":"BreadcrumbList","@id":"https:\/\/www.urbalink.com.ve\/index.php\/capacidad-contratada\/#breadcrumb","itemListElement":[{"@type":"ListItem","position":1,"name":"Portada","item":"https:\/\/www.urbalink.com.ve\/"},{"@type":"ListItem","position":2,"name":"Capacidad Contratada"}]},{"@type":"WebSite","@id":"https:\/\/www.urbalink.com\/#website","url":"https:\/\/www.urbalink.com\/","name":"","description":"","potentialAction":[{"@type":"SearchAction","target":{"@type":"EntryPoint","urlTemplate":"https:\/\/www.urbalink.com\/?s={search_term_string}"},"query-input":{"@type":"PropertyValueSpecification","valueRequired":true,"valueName":"search_term_string"}}],"inLanguage":"es"}]}},"jetpack_sharing_enabled":true,"_links":{"self":[{"href":"https:\/\/www.urbalink.com\/index.php\/wp-json\/wp\/v2\/pages\/1816","targetHints":{"allow":["GET"]}}],"collection":[{"href":"https:\/\/www.urbalink.com\/index.php\/wp-json\/wp\/v2\/pages"}],"about":[{"href":"https:\/\/www.urbalink.com\/index.php\/wp-json\/wp\/v2\/types\/page"}],"author":[{"embeddable":true,"href":"https:\/\/www.urbalink.com\/index.php\/wp-json\/wp\/v2\/users\/1"}],"replies":[{"embeddable":true,"href":"https:\/\/www.urbalink.com\/index.php\/wp-json\/wp\/v2\/comments?post=1816"}],"version-history":[{"count":7,"href":"https:\/\/www.urbalink.com\/index.php\/wp-json\/wp\/v2\/pages\/1816\/revisions"}],"predecessor-version":[{"id":1836,"href":"https:\/\/www.urbalink.com\/index.php\/wp-json\/wp\/v2\/pages\/1816\/revisions\/1836"}],"wp:attachment":[{"href":"https:\/\/www.urbalink.com\/index.php\/wp-json\/wp\/v2\/media?parent=1816"}],"curies":[{"name":"wp","href":"https:\/\/api.w.org\/{rel}","templated":true}]}}